{"id":105,"date":"2016-08-22T11:57:14","date_gmt":"2016-08-22T10:57:14","guid":{"rendered":"https:\/\/www.fan2cuisine.fr\/?page_id=105"},"modified":"2016-08-25T13:18:53","modified_gmt":"2016-08-25T12:18:53","slug":"des-restaurants-a-letranger","status":"publish","type":"page","link":"https:\/\/fan2cuisine.fr\/index.php\/des-restaurants-a-letranger\/","title":{"rendered":"Des restaurants \u00e0 l&rsquo;\u00e9tranger"},"content":{"rendered":"<p>Retrouvez ici, des restaurants que j&rsquo;ai pu tester dans diff\u00e9rents pays.<\/p>\n","protected":false},"excerpt":{"rendered":"<p class=\"post-excerpt\">Retrouvez ici, des restaurants que j&rsquo;ai pu tester dans diff\u00e9rents pays.<\/p>\n<div class=\"link-more\"><a href=\"https:\/\/fan2cuisine.fr\/index.php\/des-restaurants-a-letranger\/\">Continue reading<span class=\"screen-reader-text\"> \"Des restaurants \u00e0 l&rsquo;\u00e9tranger\"<\/span>&hellip;<\/a><\/div>","protected":false},"author":1,"featured_media":5,"parent":0,"menu_order":0,"comment_status":"closed","ping_status":"closed","template":"","meta":[],"_links":{"self":[{"href":"https:\/\/fan2cuisine.fr\/index.php\/wp-json\/wp\/v2\/pages\/105"}],"collection":[{"href":"https:\/\/fan2cuisine.fr\/index.php\/wp-json\/wp\/v2\/pages"}],"about":[{"href":"https:\/\/fan2cuisine.fr\/index.php\/wp-json\/wp\/v2\/types\/page"}],"author":[{"embeddable":true,"href":"https:\/\/fan2cuisine.fr\/index.php\/wp-json\/wp\/v2\/users\/1"}],"replies":[{"embeddable":true,"href":"https:\/\/fan2cuisine.fr\/index.php\/wp-json\/wp\/v2\/comments?post=105"}],"version-history":[{"count":1,"href":"https:\/\/fan2cuisine.fr\/index.php\/wp-json\/wp\/v2\/pages\/105\/revisions"}],"predecessor-version":[{"id":106,"href":"https:\/\/fan2cuisine.fr\/index.php\/wp-json\/wp\/v2\/pages\/105\/revisions\/106"}],"wp:featuredmedia":[{"embeddable":true,"href":"https:\/\/fan2cuisine.fr\/index.php\/wp-json\/wp\/v2\/media\/5"}],"wp:attachment":[{"href":"https:\/\/fan2cuisine.fr\/index.php\/wp-json\/wp\/v2\/media?parent=105"}],"curies":[{"name":"wp","href":"https:\/\/api.w.org\/{rel}","templated":true}]}}