{"id":18,"date":"2016-08-13T23:55:29","date_gmt":"2016-08-13T22:55:29","guid":{"rendered":"https:\/\/www.fan2cuisine.fr\/?page_id=18"},"modified":"2019-02-18T12:25:51","modified_gmt":"2019-02-18T11:25:51","slug":"mes-recettes","status":"publish","type":"page","link":"https:\/\/fan2cuisine.fr\/index.php\/mes-recettes\/","title":{"rendered":"Cuisiner comme &#8230; Un Chef &#8230; C&rsquo;est possible !!"},"content":{"rendered":"<p style=\"text-align: center;\"><span style=\"color: #800080;\"><span style=\"color: #000000;\">\u00ab\u00a0<\/span><em>Il n&rsquo;y a pas de bonne cuisine\u00a0si au d\u00e9part<\/em><br \/>\n<em> elle n&rsquo;est pas faite par amiti\u00e9 pour celui ou celle \u00e0 qui elle est destin\u00e9e.<\/em><span style=\"color: #000000;\">\u00ab\u00a0<\/span><\/span><\/p>\n<p style=\"text-align: right;\"><span style=\"color: #000000;\">Paul BOCUSE<\/span><\/p>\n<blockquote><p><span style=\"text-decoration: underline; color: #000000;\"><strong>ENTR\u00c9ES<\/strong><\/span><\/p><\/blockquote>\n<blockquote><p><span style=\"color: #000000;\"><span style=\"text-decoration: underline;\"><strong>PLATS<\/strong><\/span><\/span><\/p><\/blockquote>\n<blockquote><p><span style=\"text-decoration: underline;\"><strong><span style=\"color: #000000; text-decoration: underline;\">DESSERTS<\/span><\/strong><\/span><\/p><\/blockquote>\n<p><span style=\"color: #000000;\"><span style=\"color: #008080;\"><a style=\"color: #008080;\" href=\"https:\/\/www.fan2cuisine.fr\/index.php\/2017\/10\/15\/brioche-perdue\/\" target=\"_blank\" rel=\"noopener\"><strong>\u2666\u00a0B<\/strong>rioche Perdue<\/a><\/span>\u00a0: de la gourmandise en peu de temps, qui est toujours un succ\u00e8s.<\/span><\/p>\n<p><span style=\"color: #000000;\"><a href=\"https:\/\/www.fan2cuisine.fr\/index.php\/2017\/03\/15\/cheesecake-a-ma-facon\/\" target=\"_blank\" rel=\"noopener\"><strong><span style=\"color: #008080;\">\u2666 C<\/span><\/strong><span style=\"color: #008080;\">heesecake \u00e0 ma fa\u00e7on<\/span><\/a>\u00a0: une tuerie venu des USA<\/span><\/p>\n<p><span style=\"color: #000000;\"><a href=\"https:\/\/www.fan2cuisine.fr\/index.php\/2017\/01\/11\/galette-des-rois-simple-rapide-et-reussie\/\"><span style=\"color: #008080;\"><strong>\u2666\u00a0G<\/strong>alette des Rois<\/span><\/a> : 3 versions. (1.Simple et rapide, 2.\u00a0\u00bbHome made\u00a0\u00bb et 3.Mini sucette)<br \/>\n<span style=\"color: #008080;\"><a style=\"color: #008080;\" href=\"https:\/\/www.fan2cuisine.fr\/index.php\/2017\/02\/22\/gateau-licorne\/\"><strong>\u2666\u00a0G<\/strong>\u00e2teau Licorne<\/a> <\/span>: <em>sans gluten<\/em><\/span><\/p>\n<p><span style=\"text-decoration: underline; color: #008080;\"><a style=\"color: #008080; text-decoration: underline;\" href=\"https:\/\/www.fan2cuisine.fr\/index.php\/2019\/01\/12\/mousse-au-chocolat-vegan\/\">\u2666\u00a0<\/a><strong><span style=\"text-decoration: underline;\">M<\/span><\/strong><span style=\"text-decoration: underline;\"><em>ousse au\u00a0<\/em><\/span><em><span style=\"caret-color: #008080;\">chocolat vegan<\/span><\/em><\/span><span style=\"color: #008080;\"><span style=\"caret-color: #008080;\">\u00a0<\/span><\/span><span style=\"color: #000000;\">:<\/span><i style=\"color: #000000;\">\u00a0id\u00e9al pour un \u00e9v\u00e8nement comme un anniversaire<\/i><\/p>\n<p><span style=\"color: #000000;\"><span style=\"color: #008080;\"><a style=\"color: #008080;\" href=\"https:\/\/www.fan2cuisine.fr\/index.php\/2017\/02\/22\/gateau-licorne\/\">\u2666\u00a0<\/a><a style=\"color: #008080;\" href=\"https:\/\/www.fan2cuisine.fr\/index.php\/2019\/02\/13\/number-cake\/\"><span style=\"text-decoration: underline;\"><strong>N<\/strong>umber Cake<\/span><\/a><span style=\"text-decoration: underline;\">\u00a0<\/span><\/span>:<i>\u00a0id\u00e9al pour un \u00e9v\u00e8nement comme un anniversaire<\/i><\/span><\/p>\n<p><span style=\"color: #000000;\"><span style=\"color: #008080;\"><a style=\"color: #008080;\" href=\"https:\/\/www.fan2cuisine.fr\/index.php\/2017\/08\/28\/tarte-aux-citrons-meringuee\/\" target=\"_blank\" rel=\"noopener\"><strong>\u2666\u00a0T<\/strong>arte aux citrons meringu\u00e9e<\/a>\u00a0<\/span>: un dessert classique et d\u00e9licieux<br \/>\n<\/span><\/p>\n","protected":false},"excerpt":{"rendered":"<p class=\"post-excerpt\">\u00ab\u00a0Il n&rsquo;y a pas de bonne cuisine\u00a0si au d\u00e9part elle n&rsquo;est pas&hellip;<\/p>\n<div class=\"link-more\"><a href=\"https:\/\/fan2cuisine.fr\/index.php\/mes-recettes\/\">Continue reading<span class=\"screen-reader-text\"> \"Cuisiner comme &#8230; Un Chef &#8230; C&rsquo;est possible !!\"<\/span>&hellip;<\/a><\/div>","protected":false},"author":1,"featured_media":0,"parent":0,"menu_order":0,"comment_status":"closed","ping_status":"closed","template":"","meta":[],"_links":{"self":[{"href":"https:\/\/fan2cuisine.fr\/index.php\/wp-json\/wp\/v2\/pages\/18"}],"collection":[{"href":"https:\/\/fan2cuisine.fr\/index.php\/wp-json\/wp\/v2\/pages"}],"about":[{"href":"https:\/\/fan2cuisine.fr\/index.php\/wp-json\/wp\/v2\/types\/page"}],"author":[{"embeddable":true,"href":"https:\/\/fan2cuisine.fr\/index.php\/wp-json\/wp\/v2\/users\/1"}],"replies":[{"embeddable":true,"href":"https:\/\/fan2cuisine.fr\/index.php\/wp-json\/wp\/v2\/comments?post=18"}],"version-history":[{"count":12,"href":"https:\/\/fan2cuisine.fr\/index.php\/wp-json\/wp\/v2\/pages\/18\/revisions"}],"predecessor-version":[{"id":1033,"href":"https:\/\/fan2cuisine.fr\/index.php\/wp-json\/wp\/v2\/pages\/18\/revisions\/1033"}],"wp:attachment":[{"href":"https:\/\/fan2cuisine.fr\/index.php\/wp-json\/wp\/v2\/media?parent=18"}],"curies":[{"name":"wp","href":"https:\/\/api.w.org\/{rel}","templated":true}]}}