{"id":2,"date":"2016-08-13T22:51:27","date_gmt":"2016-08-13T21:51:27","guid":{"rendered":"https:\/\/www.fan2cuisine.fr\/?page_id=2"},"modified":"2019-04-13T20:36:30","modified_gmt":"2019-04-13T19:36:30","slug":"page-d-exemple","status":"publish","type":"page","link":"https:\/\/fan2cuisine.fr\/index.php\/page-d-exemple\/","title":{"rendered":"Qui suis-je ?"},"content":{"rendered":"<p><span style=\"color: #000000;\">Bienvenue sur mon site !<\/span><\/p>\n<p><span style=\"color: #000000;\">Je m\u2019appelle Fanny. Je ne suis pas une professionnelle de l&rsquo;h\u00f4tellerie, je suis surtout une <strong>autodidacte<\/strong>. <\/span><\/p>\n<p><span style=\"color: #000000;\">Depuis l&rsquo;\u00e2ge de 10ans, je cuisine :<br \/>\n&#8211; en lisant des recettes,<br \/>\n&#8211; regardant des films (oui oui, premi\u00e8re recette effectu\u00e9e apr\u00e8s avoir vu un film \u00e0 la t\u00e9l\u00e9&#8230;comme quoi)<br \/>\n&#8211; et surtout,\u00a0<em>comme beaucoup<\/em>, en regardant mes grand-parents cuisiner.<\/span><\/p>\n<p><span style=\"color: #000000;\"><strong>Fan inconditionnelle<\/strong> de gastronomie, de cuisine en tout genre,&#8230; j&rsquo;ai commencer,\u00a0<em>et je continue<\/em>, par \u00e9veiller et r\u00e9veiller les papilles de ma famille, mes amis, &#8230; et de tous ceux qui veulent go\u00fbter \u00e0 ma cuisine ou d\u00e9guster des recettes qu&rsquo;ils ne seraient ex\u00e9cuter.<\/span><br \/>\n<span style=\"color: #000000;\"> J&rsquo;ai \u00e9galement test\u00e9 mes aptitudes culinaires via <strong>quelques concours de cuisine<\/strong> afin d&rsquo;avoir un avis de professionnel sur mon travail.<\/span><\/p>\n<p><span style=\"color: #000000;\">Alors via ce site, je <strong>souhaite partager\u00a0<\/strong>avec vous tous ce qui me passionne :<br \/>\n&#8211; Des <a style=\"color: #000000;\" href=\"https:\/\/www.fan2cuisine.fr\/index.php\/restaurant\/\">restaurants\u00a0en France<\/a> comme sur les <a style=\"color: #000000;\" href=\"https:\/\/www.fan2cuisine.fr\/index.php\/des-restaurants-a-letranger\/\">autres continents<\/a> &#8230;<br \/>\n&#8211; Des <a style=\"color: #000000;\" href=\"https:\/\/www.fan2cuisine.fr\/index.php\/mes-recettes\/\">recettes\u00a0classiques<\/a>\u00a0pour cuisiner comme un Chef,<br \/>\n&#8211; Des <a style=\"color: #000000;\" href=\"https:\/\/www.fan2cuisine.fr\/index.php\/cuisiner-autrement-paleolithique-crossfit\/\">recettes plus originales<\/a> pour cuisiner sain et respecter un entra\u00eenement sportif, par exemple.<\/span><\/p>\n","protected":false},"excerpt":{"rendered":"<p class=\"post-excerpt\">Bienvenue sur mon site ! Je m\u2019appelle Fanny. Je ne suis pas&hellip;<\/p>\n<div class=\"link-more\"><a href=\"https:\/\/fan2cuisine.fr\/index.php\/page-d-exemple\/\">Continue reading<span class=\"screen-reader-text\"> \"Qui suis-je ?\"<\/span>&hellip;<\/a><\/div>","protected":false},"author":1,"featured_media":11,"parent":0,"menu_order":0,"comment_status":"closed","ping_status":"open","template":"","meta":[],"_links":{"self":[{"href":"https:\/\/fan2cuisine.fr\/index.php\/wp-json\/wp\/v2\/pages\/2"}],"collection":[{"href":"https:\/\/fan2cuisine.fr\/index.php\/wp-json\/wp\/v2\/pages"}],"about":[{"href":"https:\/\/fan2cuisine.fr\/index.php\/wp-json\/wp\/v2\/types\/page"}],"author":[{"embeddable":true,"href":"https:\/\/fan2cuisine.fr\/index.php\/wp-json\/wp\/v2\/users\/1"}],"replies":[{"embeddable":true,"href":"https:\/\/fan2cuisine.fr\/index.php\/wp-json\/wp\/v2\/comments?post=2"}],"version-history":[{"count":6,"href":"https:\/\/fan2cuisine.fr\/index.php\/wp-json\/wp\/v2\/pages\/2\/revisions"}],"predecessor-version":[{"id":1063,"href":"https:\/\/fan2cuisine.fr\/index.php\/wp-json\/wp\/v2\/pages\/2\/revisions\/1063"}],"wp:featuredmedia":[{"embeddable":true,"href":"https:\/\/fan2cuisine.fr\/index.php\/wp-json\/wp\/v2\/media\/11"}],"wp:attachment":[{"href":"https:\/\/fan2cuisine.fr\/index.php\/wp-json\/wp\/v2\/media?parent=2"}],"curies":[{"name":"wp","href":"https:\/\/api.w.org\/{rel}","templated":true}]}}