{"id":521,"date":"2017-02-23T13:02:44","date_gmt":"2017-02-23T12:02:44","guid":{"rendered":"https:\/\/www.fan2cuisine.fr\/?page_id=521"},"modified":"2017-09-24T10:00:39","modified_gmt":"2017-09-24T09:00:39","slug":"cuisiner-sans-gluten","status":"publish","type":"page","link":"https:\/\/fan2cuisine.fr\/index.php\/cuisiner-sans-gluten\/","title":{"rendered":"Cuisiner &#8230; sans gluten"},"content":{"rendered":"<blockquote><p><span style=\"color: #000000;\">ENTR\u00c9E<\/span><\/p><\/blockquote>\n<ul>\n<li><strong><span style=\"color: #000000;\"><a style=\"color: #000000;\" href=\"https:\/\/www.fan2cuisine.fr\/index.php\/2017\/09\/23\/gaufre-salee\/\">Gaufres sal\u00e9es<\/a><\/span><\/strong><\/li>\n<\/ul>\n<blockquote><p><span style=\"color: #000000;\">PLAT<\/span><\/p><\/blockquote>\n<ul>\n<li><span style=\"color: #000000;\"><strong><a style=\"color: #000000;\" href=\"https:\/\/www.fan2cuisine.fr\/index.php\/2017\/01\/21\/frites-de-patates-douces\/\" target=\"_blank\" rel=\"noopener noreferrer\">Frites de patates douces<\/a><\/strong><\/span><\/li>\n<\/ul>\n<blockquote><p><span style=\"color: #000000;\">DESSERT<\/span><\/p><\/blockquote>\n<ul>\n<li><strong><span style=\"color: #000000;\"><a style=\"color: #000000;\" href=\"https:\/\/www.fan2cuisine.fr\/index.php\/2017\/02\/22\/gateau-licorne\/\" target=\"_blank\" rel=\"noopener noreferrer\">G\u00e2teau licorne<\/a><\/span><\/strong><\/li>\n<li><span style=\"color: #000000;\"><strong><a style=\"color: #000000;\" href=\"https:\/\/www.fan2cuisine.fr\/index.php\/2017\/01\/11\/galette-des-rois-simple-rapide-et-reussie\/\" target=\"_blank\" rel=\"noopener noreferrer\">Galette des rois<\/a><\/strong><\/span><\/li>\n<li><strong><span style=\"color: #000000;\"><a style=\"color: #000000;\" href=\"https:\/\/www.fan2cuisine.fr\/index.php\/2017\/02\/22\/pancakes-sans-gluten\/\" target=\"_blank\" rel=\"noopener noreferrer\">Pancakes<\/a><\/span><\/strong><\/li>\n<li><strong><span style=\"color: #000000;\"><a style=\"color: #000000;\" href=\"https:\/\/www.fan2cuisine.fr\/index.php\/2017\/03\/15\/cheesecake-a-ma-facon\/\" target=\"_blank\" rel=\"noopener noreferrer\">Cheesecake<\/a><\/span><\/strong><\/li>\n<li><span style=\"color: #000000;\"><strong><a style=\"color: #000000;\" href=\"https:\/\/www.fan2cuisine.fr\/index.php\/2017\/04\/04\/brownie-paleo\/\">Brownie Pal\u00e9o<\/a><\/strong><\/span><\/li>\n<li><strong><span style=\"color: #000000;\"><a style=\"color: #000000;\" href=\"https:\/\/www.fan2cuisine.fr\/index.php\/2017\/05\/01\/gateau-aux-amandes\/\">G\u00e2teau aux amandes<\/a><\/span><\/strong><\/li>\n<li><strong><span style=\"color: #000000;\"><a style=\"color: #000000;\" href=\"https:\/\/www.fan2cuisine.fr\/index.php\/2017\/05\/28\/gateau-au-chocolat-pas-comme-les-autres\/\">G\u00e2teau au chocolat pas comme les autres<\/a><\/span><\/strong><\/li>\n<\/ul>\n","protected":false},"excerpt":{"rendered":"<p class=\"post-excerpt\">ENTR\u00c9E Gaufres sal\u00e9es PLAT Frites de patates douces DESSERT G\u00e2teau licorne Galette&hellip;<\/p>\n<div class=\"link-more\"><a href=\"https:\/\/fan2cuisine.fr\/index.php\/cuisiner-sans-gluten\/\">Continue reading<span class=\"screen-reader-text\"> \"Cuisiner &#8230; sans gluten\"<\/span>&hellip;<\/a><\/div>","protected":false},"author":1,"featured_media":0,"parent":0,"menu_order":0,"comment_status":"closed","ping_status":"closed","template":"","meta":[],"_links":{"self":[{"href":"https:\/\/fan2cuisine.fr\/index.php\/wp-json\/wp\/v2\/pages\/521"}],"collection":[{"href":"https:\/\/fan2cuisine.fr\/index.php\/wp-json\/wp\/v2\/pages"}],"about":[{"href":"https:\/\/fan2cuisine.fr\/index.php\/wp-json\/wp\/v2\/types\/page"}],"author":[{"embeddable":true,"href":"https:\/\/fan2cuisine.fr\/index.php\/wp-json\/wp\/v2\/users\/1"}],"replies":[{"embeddable":true,"href":"https:\/\/fan2cuisine.fr\/index.php\/wp-json\/wp\/v2\/comments?post=521"}],"version-history":[{"count":6,"href":"https:\/\/fan2cuisine.fr\/index.php\/wp-json\/wp\/v2\/pages\/521\/revisions"}],"predecessor-version":[{"id":709,"href":"https:\/\/fan2cuisine.fr\/index.php\/wp-json\/wp\/v2\/pages\/521\/revisions\/709"}],"wp:attachment":[{"href":"https:\/\/fan2cuisine.fr\/index.php\/wp-json\/wp\/v2\/media?parent=521"}],"curies":[{"name":"wp","href":"https:\/\/api.w.org\/{rel}","templated":true}]}}