{"id":71,"date":"2016-08-21T18:53:42","date_gmt":"2016-08-21T17:53:42","guid":{"rendered":"https:\/\/www.fan2cuisine.fr\/?page_id=71"},"modified":"2017-01-08T15:46:02","modified_gmt":"2017-01-08T14:46:02","slug":"restaurant","status":"publish","type":"page","link":"https:\/\/fan2cuisine.fr\/index.php\/restaurant\/","title":{"rendered":"Des Restaurants en France"},"content":{"rendered":"<p style=\"text-align: center;\"><span style=\"color: #000000;\">\u00ab\u00a0<em><span style=\"color: #993366;\">La Table, c&rsquo;est l&rsquo;endroit de d\u00e9tente et de convivialit\u00e9 par excellence&#8230; C&rsquo;est pourquoi, il faut \u00e9galement utiliser son imagination pour venir compl\u00e9ter les efforts de la cuisine.<\/span><\/em>\u00a0\u00bb\u00a0<\/span><\/p>\n<p style=\"text-align: right;\"><span style=\"color: #000000;\">Bernard LOISEAU<\/span><\/p>\n<p><span style=\"color: #000000;\">Trouvez un restaurant, selon la ville ou la r\u00e9gion que vous voulez visiter.<\/span><\/p>\n<p><span style=\"color: #000000;\"><strong>14 &#8211; CALVADOS<\/strong><\/span><br \/>\n<a href=\"https:\/\/www.fan2cuisine.fr\/index.php\/2016\/08\/13\/la-gogaille\/\">La Gogaille<\/a><span style=\"color: #000000;\">\u00a0&#8211; Restaurant de fruits de mer \u00e0 Villers-sur-Mer (14)<\/span><br \/>\n<a href=\"https:\/\/www.fan2cuisine.fr\/index.php\/2016\/10\/01\/la-terrasse-du-marais-villers-s-mer\/\">La Terrasse du Marais<\/a><span style=\"color: #000000;\"> &#8211; Restaurant de cuisine fran\u00e7aise, de saison \u00e0 Villers-sur-Mer (14)<\/span><\/p>\n<p><span style=\"color: #000000;\"><strong>35 &#8211; ILLE &amp; VILAINE<\/strong><\/span><br \/>\n<a href=\"https:\/\/www.fan2cuisine.fr\/index.php\/2016\/08\/20\/monsieur-yak-thailandais\/\">Monsieur Yak<\/a>\u00a0<span style=\"color: #000000;\">&#8211; Restaurant tha\u00eflandais au coeur de Rennes (35)<br \/>\n<\/span><\/p>\n<p><span style=\"color: #000000;\"><strong>78 &#8211; YVELINES<\/strong><\/span><br \/>\n<a href=\"https:\/\/www.fan2cuisine.fr\/index.php\/2017\/01\/08\/a-casa-nostra-noisy-le-roi\/\">A Casa Nostra<\/a>\u00a0<span style=\"color: #000000;\">&#8211; Restaurant\u00a0italien \u00e0 Noise-Le-Roi (78)<\/span><\/p>\n<p><span style=\"color: #000000;\"><strong>84\u00a0&#8211;\u00a0VAUCLUSE<\/strong><\/span><br \/>\n<a href=\"https:\/\/www.fan2cuisine.fr\/index.php\/2016\/10\/02\/lart-glacier-ansouis\/\">L&rsquo;Art Glacier\u00a0<\/a><span style=\"color: #000000;\">&#8211;\u00a0Mas provencal proposant la d\u00e9gustation de glaces \u00e0 Ansouis (84)<\/span><\/p>\n<p>&nbsp;<\/p>\n","protected":false},"excerpt":{"rendered":"<p class=\"post-excerpt\">\u00ab\u00a0La Table, c&rsquo;est l&rsquo;endroit de d\u00e9tente et de convivialit\u00e9 par excellence&#8230; C&rsquo;est&hellip;<\/p>\n<div class=\"link-more\"><a href=\"https:\/\/fan2cuisine.fr\/index.php\/restaurant\/\">Continue reading<span class=\"screen-reader-text\"> \"Des Restaurants en France\"<\/span>&hellip;<\/a><\/div>","protected":false},"author":1,"featured_media":5,"parent":0,"menu_order":0,"comment_status":"closed","ping_status":"closed","template":"","meta":[],"_links":{"self":[{"href":"https:\/\/fan2cuisine.fr\/index.php\/wp-json\/wp\/v2\/pages\/71"}],"collection":[{"href":"https:\/\/fan2cuisine.fr\/index.php\/wp-json\/wp\/v2\/pages"}],"about":[{"href":"https:\/\/fan2cuisine.fr\/index.php\/wp-json\/wp\/v2\/types\/page"}],"author":[{"embeddable":true,"href":"https:\/\/fan2cuisine.fr\/index.php\/wp-json\/wp\/v2\/users\/1"}],"replies":[{"embeddable":true,"href":"https:\/\/fan2cuisine.fr\/index.php\/wp-json\/wp\/v2\/comments?post=71"}],"version-history":[{"count":13,"href":"https:\/\/fan2cuisine.fr\/index.php\/wp-json\/wp\/v2\/pages\/71\/revisions"}],"predecessor-version":[{"id":423,"href":"https:\/\/fan2cuisine.fr\/index.php\/wp-json\/wp\/v2\/pages\/71\/revisions\/423"}],"wp:featuredmedia":[{"embeddable":true,"href":"https:\/\/fan2cuisine.fr\/index.php\/wp-json\/wp\/v2\/media\/5"}],"wp:attachment":[{"href":"https:\/\/fan2cuisine.fr\/index.php\/wp-json\/wp\/v2\/media?parent=71"}],"curies":[{"name":"wp","href":"https:\/\/api.w.org\/{rel}","templated":true}]}}